{"id":8,"date":"2024-03-11T16:36:09","date_gmt":"2024-03-11T19:36:09","guid":{"rendered":"https:\/\/orlando.terraparque.tur.br\/?page_id=8"},"modified":"2025-06-13T09:31:02","modified_gmt":"2025-06-13T12:31:02","slug":"terra-park-orlando","status":"publish","type":"page","link":"https:\/\/orlando.terraparque.tur.br\/en\/","title":{"rendered":"Terra Park Orlando"},"content":{"rendered":"<h1><span style=\"font-weight: 400;\">Orlando<\/span><\/h1>\n<p><span style=\"font-weight: 400;\">O Terra Park Orlando Vacation Home \u00e9 uma instala\u00e7\u00e3o do grupo Terra Parque em Orlando na Fl\u00f3rida a fim de proporcinar f\u00e1cil acesso \u00e0 Disney World.<\/span><\/p>\n<p><span style=\"font-weight: 400;\">O grupo<\/span><a href=\"https:\/\/orlando.terraparque.tur.br\/en\/\"> <span style=\"font-weight: 400;\">Terra Parque<\/span><\/a><span style=\"font-weight: 400;\"> ultrapassa as fronteiras! S\u00e3o duas casas de f\u00e9rias pertinho da<\/span><a href=\"https:\/\/www.disney.com.br\/\"> <span style=\"font-weight: 400;\">Disney<\/span><\/a><span style=\"font-weight: 400;\">! O \u201cTerra Park Orlando\u201d possui duas instala\u00e7\u00f5es exclusivas do grupo Terra Parque em Orlando na Fl\u00f3rida, Estados Unidos. Essas casas de f\u00e9rias s\u00e3o um verdadeiro ref\u00fagio, projetadas para oferecer conforto e exclusividade em uma localiza\u00e7\u00e3o estrat\u00e9gica, que proporciona f\u00e1cil acesso aos parques tem\u00e1ticos da Disney World, Sea World, Magic Kingdom, mercados como o Wallmart, lojas, hospitais, restaurantes e o aeroporto internacional de Orlando. Venha conferir toda a estrutura completa que oferecemos em nossas casas, onde os sonhos se tornam realidade.<\/span><\/p>\n<p><span style=\"font-weight: 400;\">A casa est\u00e1 localizada pr\u00f3xima a vias de f\u00e1cil acesso \u00e0 Disney World, estando apenas a 20 minutos do complexo. A casa possui estrutura completa, com acomoda\u00e7\u00f5es decoradas com quartos tem\u00e1ticos. Afinal, s\u00e3o 5 quartos sendo 2 que s\u00e3o suites, todos equipados com comodidades modernas e com camas king size, full size e twin size. Al\u00e9m disso, s\u00e3o equipados com televis\u00e3o, ar condicionado e aquecimento central. possui 3 banheiros na casa e ela acomoda at\u00e9 14 pessoas confortavelmente. <\/span><\/p>\n<p><span style=\"font-weight: 400;\">Al\u00e9m disso, a casa conta com uma sala de jogos equipada e com o tema de um dos maiores astros da NBA, Michael Jordan, tendo diversos jogos de mesa, fliperama e at\u00e9 mesmo PlayStation 5. Bem como um espa\u00e7o para Home Office com cadeira de escrit\u00f3rio, escrivaninha e lumin\u00e1ria. Na cozinha cont\u00e9m geladeira, fog\u00e3o, microondas, air fryer, cooktop e diversos utens\u00edlios. A sala de estar possui sof\u00e1, televis\u00e3o, frigobar e espa\u00e7o para jogos de mesa. Al\u00e9m de m\u00e1quina de lavar e secadora.<\/span><\/p>\n<h4><span style=\"font-weight: 400;\">Acomoda\u00e7\u00f5es <\/span><\/h4>\n<p class=\"translation-block\">The accommodations are decorated with themed rooms, totaling 5 bedrooms. Three of these rooms are themed after favorite and iconic Disney characters, such as Mickey and Minnie, Inside Out, and Avatar. The other two rooms are designed for couples and feature the Tiffany and Louis Vuitton brands.<\/p>\n<p><span style=\"font-weight: 400;\">Essa casa se encontra dentro do condom\u00ednio Reunion Resort, um dos mais renomados de Orlando, Fl\u00f3rida e pertinho da Walt Disney World. Inclui acesso gratuito e exclusivo \u00e0 academia, diversas quadras e a uma piscina aquecida. A Reunion Resort possui diversas atra\u00e7\u00f5es com valores acess\u00edveis que podem ser garantidos a parte. Por exemplo: campos de golf \u00fanicos no mundo. onde voc\u00ea pode praticar esse esporte em quadras projetadas por 3 lendas do Golf: Arnold Palmer,Tom Watson e Jack Nicholas. Assim como o Water Park com diversas piscinas com tobo\u00e1guas, playground aqu\u00e1tico e muito mais.<\/span><\/p>","protected":false},"excerpt":{"rendered":"<p>Orlando O Terra Park Orlando Vacation Home \u00e9 uma instala\u00e7\u00e3o do grupo Terra Parque em Orlando na Fl\u00f3rida&#8230;<\/p>","protected":false},"author":1,"featured_media":70,"parent":0,"menu_order":0,"comment_status":"closed","ping_status":"closed","template":"page-terra-park-orlando.php","meta":{"footnotes":""},"class_list":["post-8","page","type-page","status-publish","has-post-thumbnail","hentry"],"yoast_head":"<!-- This site is optimized with the Yoast SEO plugin v25.2 - https:\/\/yoast.com\/wordpress\/plugins\/seo\/ -->\n<title>Orlando - Terra Park Orlando Vacation Home<\/title>\n<meta name=\"description\" content=\"O Terra Park Orlando Vacation Home \u00e9 uma instala\u00e7\u00e3o do grupo Terra Parque em Orlando na Fl\u00f3rida e possui f\u00e1cil acesso \u00e0 Disney World.\" \/>\n<meta name=\"robots\" content=\"index, follow, max-snippet:-1, max-image-preview:large, max-video-preview:-1\" \/>\n<link rel=\"canonical\" href=\"https:\/\/orlando.terraparque.tur.br\/en\/\" \/>\n<meta property=\"og:locale\" content=\"en_US\" \/>\n<meta property=\"og:type\" content=\"article\" \/>\n<meta property=\"og:title\" content=\"Orlando - Terra Park Orlando Vacation Home\" \/>\n<meta property=\"og:description\" content=\"O Terra Park Orlando Vacation Home \u00e9 uma instala\u00e7\u00e3o do grupo Terra Parque em Orlando na Fl\u00f3rida e possui f\u00e1cil acesso \u00e0 Disney World.\" \/>\n<meta property=\"og:url\" content=\"https:\/\/orlando.terraparque.tur.br\/en\/\" \/>\n<meta property=\"og:site_name\" content=\"Park Orlando\" \/>\n<meta property=\"article:publisher\" content=\"https:\/\/www.facebook.com\/terraparque\" \/>\n<meta property=\"article:modified_time\" content=\"2025-06-13T12:31:02+00:00\" \/>\n<meta property=\"og:image\" content=\"https:\/\/orlando.terraparque.tur.br\/wp-content\/uploads\/2024\/03\/Cozinha-e-sala.webp\" \/>\n\t<meta property=\"og:image:width\" content=\"1600\" \/>\n\t<meta property=\"og:image:height\" content=\"1066\" \/>\n\t<meta property=\"og:image:type\" content=\"image\/webp\" \/>\n<meta name=\"twitter:card\" content=\"summary_large_image\" \/>\n<meta name=\"twitter:label1\" content=\"Est. reading time\" \/>\n\t<meta name=\"twitter:data1\" content=\"3 minutes\" \/>\n<script type=\"application\/ld+json\" class=\"yoast-schema-graph\">{\"@context\":\"https:\/\/schema.org\",\"@graph\":[{\"@type\":\"WebPage\",\"@id\":\"https:\/\/orlando.terraparque.tur.br\/\",\"url\":\"https:\/\/orlando.terraparque.tur.br\/\",\"name\":\"Orlando - Terra Park Orlando Vacation Home\",\"isPartOf\":{\"@id\":\"https:\/\/orlando.terraparque.tur.br\/#website\"},\"primaryImageOfPage\":{\"@id\":\"https:\/\/orlando.terraparque.tur.br\/#primaryimage\"},\"image\":{\"@id\":\"https:\/\/orlando.terraparque.tur.br\/#primaryimage\"},\"thumbnailUrl\":\"https:\/\/orlando.terraparque.tur.br\/wp-content\/uploads\/2024\/03\/Cozinha-e-sala.webp\",\"datePublished\":\"2024-03-11T19:36:09+00:00\",\"dateModified\":\"2025-06-13T12:31:02+00:00\",\"description\":\"O Terra Park Orlando Vacation Home \u00e9 uma instala\u00e7\u00e3o do grupo Terra Parque em Orlando na Fl\u00f3rida e possui f\u00e1cil acesso \u00e0 Disney World.\",\"breadcrumb\":{\"@id\":\"https:\/\/orlando.terraparque.tur.br\/#breadcrumb\"},\"inLanguage\":\"en-US\",\"potentialAction\":[{\"@type\":\"ReadAction\",\"target\":[\"https:\/\/orlando.terraparque.tur.br\/\"]}]},{\"@type\":\"ImageObject\",\"inLanguage\":\"en-US\",\"@id\":\"https:\/\/orlando.terraparque.tur.br\/#primaryimage\",\"url\":\"https:\/\/orlando.terraparque.tur.br\/wp-content\/uploads\/2024\/03\/Cozinha-e-sala.webp\",\"contentUrl\":\"https:\/\/orlando.terraparque.tur.br\/wp-content\/uploads\/2024\/03\/Cozinha-e-sala.webp\",\"width\":1600,\"height\":1066},{\"@type\":\"BreadcrumbList\",\"@id\":\"https:\/\/orlando.terraparque.tur.br\/#breadcrumb\",\"itemListElement\":[{\"@type\":\"ListItem\",\"position\":1,\"name\":\"In\u00edcio\",\"item\":\"https:\/\/orlando.terraparque.tur.br\/\"},{\"@type\":\"ListItem\",\"position\":2,\"name\":\"Terra Park Orlando\"}]},{\"@type\":\"WebSite\",\"@id\":\"https:\/\/orlando.terraparque.tur.br\/#website\",\"url\":\"https:\/\/orlando.terraparque.tur.br\/\",\"name\":\"Park Orlando\",\"description\":\"\",\"publisher\":{\"@id\":\"https:\/\/orlando.terraparque.tur.br\/#organization\"},\"potentialAction\":[{\"@type\":\"SearchAction\",\"target\":{\"@type\":\"EntryPoint\",\"urlTemplate\":\"https:\/\/orlando.terraparque.tur.br\/?s={search_term_string}\"},\"query-input\":{\"@type\":\"PropertyValueSpecification\",\"valueRequired\":true,\"valueName\":\"search_term_string\"}}],\"inLanguage\":\"en-US\"},{\"@type\":\"Organization\",\"@id\":\"https:\/\/orlando.terraparque.tur.br\/#organization\",\"name\":\"Park Orlando\",\"url\":\"https:\/\/orlando.terraparque.tur.br\/\",\"logo\":{\"@type\":\"ImageObject\",\"inLanguage\":\"en-US\",\"@id\":\"https:\/\/orlando.terraparque.tur.br\/#\/schema\/logo\/image\/\",\"url\":\"https:\/\/orlando.terraparque.tur.br\/wp-content\/uploads\/2024\/03\/cropped-image_4.png\",\"contentUrl\":\"https:\/\/orlando.terraparque.tur.br\/wp-content\/uploads\/2024\/03\/cropped-image_4.png\",\"width\":512,\"height\":512,\"caption\":\"Park Orlando\"},\"image\":{\"@id\":\"https:\/\/orlando.terraparque.tur.br\/#\/schema\/logo\/image\/\"},\"sameAs\":[\"https:\/\/www.facebook.com\/terraparque\"]}]}<\/script>\n<!-- \/ Yoast SEO plugin. -->","yoast_head_json":{"title":"Orlando - Terra Park Orlando Vacation Home","description":"O Terra Park Orlando Vacation Home \u00e9 uma instala\u00e7\u00e3o do grupo Terra Parque em Orlando na Fl\u00f3rida e possui f\u00e1cil acesso \u00e0 Disney World.","robots":{"index":"index","follow":"follow","max-snippet":"max-snippet:-1","max-image-preview":"max-image-preview:large","max-video-preview":"max-video-preview:-1"},"canonical":"https:\/\/orlando.terraparque.tur.br\/en\/","og_locale":"en_US","og_type":"article","og_title":"Orlando - Terra Park Orlando Vacation Home","og_description":"O Terra Park Orlando Vacation Home \u00e9 uma instala\u00e7\u00e3o do grupo Terra Parque em Orlando na Fl\u00f3rida e possui f\u00e1cil acesso \u00e0 Disney World.","og_url":"https:\/\/orlando.terraparque.tur.br\/en\/","og_site_name":"Park Orlando","article_publisher":"https:\/\/www.facebook.com\/terraparque","article_modified_time":"2025-06-13T12:31:02+00:00","og_image":[{"width":1600,"height":1066,"url":"https:\/\/orlando.terraparque.tur.br\/wp-content\/uploads\/2024\/03\/Cozinha-e-sala.webp","type":"image\/webp"}],"twitter_card":"summary_large_image","twitter_misc":{"Est. reading time":"3 minutes"},"schema":{"@context":"https:\/\/schema.org","@graph":[{"@type":"WebPage","@id":"https:\/\/orlando.terraparque.tur.br\/","url":"https:\/\/orlando.terraparque.tur.br\/","name":"Orlando - Terra Park Orlando Vacation Home","isPartOf":{"@id":"https:\/\/orlando.terraparque.tur.br\/#website"},"primaryImageOfPage":{"@id":"https:\/\/orlando.terraparque.tur.br\/#primaryimage"},"image":{"@id":"https:\/\/orlando.terraparque.tur.br\/#primaryimage"},"thumbnailUrl":"https:\/\/orlando.terraparque.tur.br\/wp-content\/uploads\/2024\/03\/Cozinha-e-sala.webp","datePublished":"2024-03-11T19:36:09+00:00","dateModified":"2025-06-13T12:31:02+00:00","description":"O Terra Park Orlando Vacation Home \u00e9 uma instala\u00e7\u00e3o do grupo Terra Parque em Orlando na Fl\u00f3rida e possui f\u00e1cil acesso \u00e0 Disney World.","breadcrumb":{"@id":"https:\/\/orlando.terraparque.tur.br\/#breadcrumb"},"inLanguage":"en-US","potentialAction":[{"@type":"ReadAction","target":["https:\/\/orlando.terraparque.tur.br\/"]}]},{"@type":"ImageObject","inLanguage":"en-US","@id":"https:\/\/orlando.terraparque.tur.br\/#primaryimage","url":"https:\/\/orlando.terraparque.tur.br\/wp-content\/uploads\/2024\/03\/Cozinha-e-sala.webp","contentUrl":"https:\/\/orlando.terraparque.tur.br\/wp-content\/uploads\/2024\/03\/Cozinha-e-sala.webp","width":1600,"height":1066},{"@type":"BreadcrumbList","@id":"https:\/\/orlando.terraparque.tur.br\/#breadcrumb","itemListElement":[{"@type":"ListItem","position":1,"name":"In\u00edcio","item":"https:\/\/orlando.terraparque.tur.br\/"},{"@type":"ListItem","position":2,"name":"Terra Park Orlando"}]},{"@type":"WebSite","@id":"https:\/\/orlando.terraparque.tur.br\/#website","url":"https:\/\/orlando.terraparque.tur.br\/","name":"Park Orlando","description":"","publisher":{"@id":"https:\/\/orlando.terraparque.tur.br\/#organization"},"potentialAction":[{"@type":"SearchAction","target":{"@type":"EntryPoint","urlTemplate":"https:\/\/orlando.terraparque.tur.br\/?s={search_term_string}"},"query-input":{"@type":"PropertyValueSpecification","valueRequired":true,"valueName":"search_term_string"}}],"inLanguage":"en-US"},{"@type":"Organization","@id":"https:\/\/orlando.terraparque.tur.br\/#organization","name":"Park Orlando","url":"https:\/\/orlando.terraparque.tur.br\/","logo":{"@type":"ImageObject","inLanguage":"en-US","@id":"https:\/\/orlando.terraparque.tur.br\/#\/schema\/logo\/image\/","url":"https:\/\/orlando.terraparque.tur.br\/wp-content\/uploads\/2024\/03\/cropped-image_4.png","contentUrl":"https:\/\/orlando.terraparque.tur.br\/wp-content\/uploads\/2024\/03\/cropped-image_4.png","width":512,"height":512,"caption":"Park Orlando"},"image":{"@id":"https:\/\/orlando.terraparque.tur.br\/#\/schema\/logo\/image\/"},"sameAs":["https:\/\/www.facebook.com\/terraparque"]}]}},"_links":{"self":[{"href":"https:\/\/orlando.terraparque.tur.br\/en\/wp-json\/wp\/v2\/pages\/8","targetHints":{"allow":["GET"]}}],"collection":[{"href":"https:\/\/orlando.terraparque.tur.br\/en\/wp-json\/wp\/v2\/pages"}],"about":[{"href":"https:\/\/orlando.terraparque.tur.br\/en\/wp-json\/wp\/v2\/types\/page"}],"author":[{"embeddable":true,"href":"https:\/\/orlando.terraparque.tur.br\/en\/wp-json\/wp\/v2\/users\/1"}],"replies":[{"embeddable":true,"href":"https:\/\/orlando.terraparque.tur.br\/en\/wp-json\/wp\/v2\/comments?post=8"}],"version-history":[{"count":10,"href":"https:\/\/orlando.terraparque.tur.br\/en\/wp-json\/wp\/v2\/pages\/8\/revisions"}],"predecessor-version":[{"id":109,"href":"https:\/\/orlando.terraparque.tur.br\/en\/wp-json\/wp\/v2\/pages\/8\/revisions\/109"}],"wp:featuredmedia":[{"embeddable":true,"href":"https:\/\/orlando.terraparque.tur.br\/en\/wp-json\/wp\/v2\/media\/70"}],"wp:attachment":[{"href":"https:\/\/orlando.terraparque.tur.br\/en\/wp-json\/wp\/v2\/media?parent=8"}],"curies":[{"name":"wp","href":"https:\/\/api.w.org\/{rel}","templated":true}]}}